{"id":252,"date":"2015-04-30T21:33:42","date_gmt":"2015-04-30T19:33:42","guid":{"rendered":"http:\/\/judoclubpontois.com\/v3\/?page_id=252"},"modified":"2024-09-29T19:24:37","modified_gmt":"2024-09-29T17:24:37","slug":"le-salut","status":"publish","type":"page","link":"http:\/\/judoclubpontois.com\/v3\/?page_id=252","title":{"rendered":"Le Salut (REI)"},"content":{"rendered":"<p>Le pourquoi et le comment du Salut au judo: les principes fondamentaux concernant le salut en Judo.<br \/>\nLe salut est une marque respect envers le lieu ou on pratique le judo&#8230;<\/p>\n<p><strong>Le DOJO :<\/strong><\/p>\n<p align=\"justify\">Lieu o\u00f9 on \u00e9tudie la Voie, on salut le Ma\u00eetre et les professeurs, on salut le <i>shomen<\/i> endroit o\u00f9 se trouve le portrait de <b>Jigoro Kano<\/b> fondateur du <b>Judo Jujitsu<\/b>. On salut le partenaire, mais aussi ses adversaires avant et apr\u00e9s le travail technique, le <i>randori <\/i>ou le combat, et \u00e0 chaque fois que cela le n\u00e9cessite.<\/p>\n<p><strong>Le SALUT:<\/strong><\/p>\n<p>En entrant dans le Dojo on salut debout (<i>ritsrei<\/i>) en direction du <i>shomen<\/i>, ce qui est difficilement r\u00e9alisable dans nos dojo.<br \/>\nEn montant sur le tatami on salut en direction du <i>shomen <\/i>avant d&rsquo;aller prendre sa place.<br \/>\nD\u00e9roulement en d\u00e9but de cours: Le d\u00e9roulement du salut avec les \u00e9l\u00e8ves et le Ma\u00eetre ou Professeur doit se faire dans le silence.<\/p>\n<ul>\n<li>1. Salut tous ensemble \u00e0 genoux (<i>zarei<\/i>) ou debout (<i>ritsurei<\/i>) en direction du <i>shomen<\/i><\/li>\n<li>2. Salut des \u00e9l\u00e8ves vers le Ma\u00e9tre ou professeur<\/li>\n<\/ul>\n<p align=\"justify\">D\u00e9roulement en fin de cours : Le d\u00e9roulement se fait \u00e0 l&rsquo;inverse de celui du d\u00e9but. Pour imager le d\u00e9roulement du salut est le m\u00eame que pour la pr\u00e9sentation du Kata.<\/p>\n<p>Pour le retour au calme, et avant le salut un \u00e9l\u00e8ve pourra dire un mot sur le code moral du judo :<\/p>\n<ul>\n<li>1. Salut tous ensemble avec le Ma\u00eetre et les \u00e9l\u00e8ves \u00e0 genoux (<i>zarei<\/i>) ou debout (<i>ritsurei<\/i>).<\/li>\n<li>2. Salut en direction du <i>shomen, <\/i>debout (<i>ritsurei<\/i>).<\/li>\n<\/ul>\n<p>En quittant le tatami: On doit quitter le tatami dans le silence en respectant le salut en quittant le tatami.<\/p>\n<div align=\"center\">\n<p><a href=\"https:\/\/i0.wp.com\/judoclubpontois.com\/v3\/wp-content\/uploads\/2014\/11\/Dojoplan-e1415826432273.jpg\"><img decoding=\"async\" loading=\"lazy\" title=\"Jigoro Kano\" src=\"https:\/\/i0.wp.com\/www.judoclubpontois.com\/images\/stories\/JigoroKano.jpg?resize=80%2C99\" alt=\"JigoroKano.jpg\" width=\"80\" height=\"99\" align=\"middle\" data-recalc-dims=\"1\"\/><\/a><\/p>\n<p><a href=\"https:\/\/i0.wp.com\/judoclubpontois.com\/v3\/wp-content\/uploads\/2015\/04\/wpid-dojoplan.jpg\" target=\"_blank\" rel=\"noopener\"><img decoding=\"async\" loading=\"lazy\" class=\"alignnone  wp-image-176\" src=\"https:\/\/i0.wp.com\/klapita.fr\/judoclubdepons\/wp-content\/uploads\/2014\/11\/Dojoplan-300x280.jpg?resize=402%2C375\" alt=\"Dojoplan\" width=\"402\" height=\"375\" data-recalc-dims=\"1\" \/><\/a><\/p>\n<p>&nbsp;<\/p>\n<\/div>\n<p style=\"text-align: center;\"><img decoding=\"async\" loading=\"lazy\" title=\"jigoro_kano.gif\" src=\"https:\/\/i0.wp.com\/www.judoclubpontois.com\/images\/stories\/divers\/jigoro_kano.gif?resize=45%2C75\" alt=\"jigoro_kano.gif\" width=\"45\" height=\"75\" align=\"middle\" data-recalc-dims=\"1\"\/><b>&nbsp;LE RESPECT : SANS RESPECT AUCUNE CONFIANCE NE PEUT NA\u00ceTRE<\/b><\/p>\n<p style=\"text-align: center;\">\n","protected":false},"excerpt":{"rendered":"<div class=\"mh-excerpt\"><p>Le pourquoi et le comment du Salut au judo: les principes fondamentaux concernant le salut en Judo. Le salut est une marque respect envers le <a class=\"mh-excerpt-more\" href=\"http:\/\/judoclubpontois.com\/v3\/?page_id=252\" title=\"Le Salut (REI)\">[&#8230;]<\/a><\/p>\n<\/div>","protected":false},"author":8,"featured_media":0,"parent":0,"menu_order":0,"comment_status":"closed","ping_status":"closed","template":"","meta":{"jetpack_post_was_ever_published":false},"jetpack_shortlink":"https:\/\/wp.me\/P684h4-44","jetpack_sharing_enabled":true,"_links":{"self":[{"href":"http:\/\/judoclubpontois.com\/v3\/index.php?rest_route=\/wp\/v2\/pages\/252"}],"collection":[{"href":"http:\/\/judoclubpontois.com\/v3\/index.php?rest_route=\/wp\/v2\/pages"}],"about":[{"href":"http:\/\/judoclubpontois.com\/v3\/index.php?rest_route=\/wp\/v2\/types\/page"}],"author":[{"embeddable":true,"href":"http:\/\/judoclubpontois.com\/v3\/index.php?rest_route=\/wp\/v2\/users\/8"}],"replies":[{"embeddable":true,"href":"http:\/\/judoclubpontois.com\/v3\/index.php?rest_route=%2Fwp%2Fv2%2Fcomments&post=252"}],"version-history":[{"count":1,"href":"http:\/\/judoclubpontois.com\/v3\/index.php?rest_route=\/wp\/v2\/pages\/252\/revisions"}],"predecessor-version":[{"id":1154,"href":"http:\/\/judoclubpontois.com\/v3\/index.php?rest_route=\/wp\/v2\/pages\/252\/revisions\/1154"}],"wp:attachment":[{"href":"http:\/\/judoclubpontois.com\/v3\/index.php?rest_route=%2Fwp%2Fv2%2Fmedia&parent=252"}],"curies":[{"name":"wp","href":"https:\/\/api.w.org\/{rel}","templated":true}]}}