{"id":250,"date":"2015-04-30T21:32:07","date_gmt":"2015-04-30T19:32:07","guid":{"rendered":"http:\/\/judoclubpontois.com\/v3\/?page_id=250"},"modified":"2026-01-21T10:10:50","modified_gmt":"2026-01-21T08:10:50","slug":"horaires-et-plan-dacces","status":"publish","type":"page","link":"http:\/\/judoclubpontois.com\/v3\/?page_id=250","title":{"rendered":"Horaires et Plan d&rsquo;acc\u00e8s"},"content":{"rendered":"<table border=\"1\" cellspacing=\"0\" cellpadding=\"8\" size=\"100%\">\n<tbody>\n<tr>\n<td><b>JOURS<\/b><\/td>\n<td><b>HORAIRES<\/b><\/td>\n<td><b>COURS<\/b><\/td>\n<td><b>ANNEE DE NAISSANCE<\/b><\/td>\n<\/tr>\n<tr>\n<td rowspan=\"4\">LUNDI<\/td>\n<td>17h30 \u2013 18h30<\/td>\n<td>Judo enfants<\/td>\n<td>2017 \u00e0 2019<\/td>\n<\/tr>\n<tr>\n<td rowspan=\"2\">18h30 \u2013 20h00<\/td>\n<td>Judo enfants<\/td>\n<td>2014 \u00e0 2016<\/td>\n<\/tr>\n<tr>\n<td>Judo Ados-Adultes<\/td>\n<td>2013 et avant<\/td>\n<\/tr>\n<tr>\n<td>20h00 \u2013 21h00<\/td>\n<td>Jujitsu<\/td>\n<td>2013 et avant<\/td>\n<\/tr>\n<tr>\n<td rowspan=\"5\">MERCREDI<\/td>\n<td>15h15 \u2013 16h30<\/td>\n<td>Judo enfants<\/td>\n<td>2017 \u00e0 2019<\/td>\n<\/tr>\n<tr>\n<td>16h30 \u2013 17h15<\/td>\n<td>Eveil judo<\/td>\n<td>2020 \u00e0 2021<\/td>\n<\/tr>\n<tr>\n<td rowspan=\"2\">17h30 \u2013 19h00<\/td>\n<td>Judo enfants<\/td>\n<td>2014 \u00e0 2016<\/td>\n<\/tr>\n<tr>\n<td>Judo Ados-Adultes<\/td>\n<td>2013 et avant<\/td>\n<\/tr>\n<tr>\n<td>20h00 \u2013 22h00<\/td>\n<td>Ia\u00efdo, cours assur\u00e9s par Ga\u00ebl FERRON, 4\u00e8me DAN<\/td>\n<td>2010 et avant<\/td>\n<\/tr>\n<tr>\n<td>JEUDI<\/td>\n<td>18h30 \u2013 19h30<\/td>\n<td>Ta\u00efso<\/td>\n<td>2013 et avant<\/td>\n<\/tr>\n<tr>\n<td>SAMEDI<\/td>\n<td>11h00 \u2013 12h30<\/td>\n<td>Pr\u00e9paration grades\/comp\u00e9tition<br \/>\nsur demande<\/td>\n<td>2013 et avant<\/td>\n<\/tr>\n<\/tbody>\n<\/table>\n<hr \/>\n<p><font size=\"6\"><br \/>\n<strong>Plan d&rsquo;acc\u00e8s<\/strong> (Dojo \u00e0 cot\u00e9 de la piscine)<\/font><\/p>\n<p><font size=\"6\"><br \/>\n<\/font><font size=\"6\"><\/font><font size=\"6\"><\/font><br \/>\n<iframe loading=\"lazy\" src=\"https:\/\/www.google.com\/maps\/embed?pb=!1m16!1m12!1m3!1d2792.649253601066!2d-0.5535818884459199!3d45.577491545681085!2m3!1f0!2f0!3f0!3m2!1i1024!2i768!4f13.1!2m1!1spiscine+pons!5e0!3m2!1sfr!2sfr!4v1415019314984\" width=\"600\" height=\"450\" frameborder=\"0\"><\/iframe><\/p>\n","protected":false},"excerpt":{"rendered":"<div class=\"mh-excerpt\"><p>JOURS HORAIRES COURS ANNEE DE NAISSANCE LUNDI 17h30 \u2013 18h30 Judo enfants 2017 \u00e0 2019 18h30 \u2013 20h00 Judo enfants 2014 \u00e0 2016 Judo Ados-Adultes <a class=\"mh-excerpt-more\" href=\"http:\/\/judoclubpontois.com\/v3\/?page_id=250\" title=\"Horaires et Plan d&rsquo;acc\u00e8s\">[&#8230;]<\/a><\/p>\n<\/div>","protected":false},"author":8,"featured_media":0,"parent":0,"menu_order":0,"comment_status":"open","ping_status":"open","template":"","meta":{"jetpack_post_was_ever_published":false},"jetpack_shortlink":"https:\/\/wp.me\/P684h4-42","jetpack_sharing_enabled":true,"_links":{"self":[{"href":"http:\/\/judoclubpontois.com\/v3\/index.php?rest_route=\/wp\/v2\/pages\/250"}],"collection":[{"href":"http:\/\/judoclubpontois.com\/v3\/index.php?rest_route=\/wp\/v2\/pages"}],"about":[{"href":"http:\/\/judoclubpontois.com\/v3\/index.php?rest_route=\/wp\/v2\/types\/page"}],"author":[{"embeddable":true,"href":"http:\/\/judoclubpontois.com\/v3\/index.php?rest_route=\/wp\/v2\/users\/8"}],"replies":[{"embeddable":true,"href":"http:\/\/judoclubpontois.com\/v3\/index.php?rest_route=%2Fwp%2Fv2%2Fcomments&post=250"}],"version-history":[{"count":1,"href":"http:\/\/judoclubpontois.com\/v3\/index.php?rest_route=\/wp\/v2\/pages\/250\/revisions"}],"predecessor-version":[{"id":1294,"href":"http:\/\/judoclubpontois.com\/v3\/index.php?rest_route=\/wp\/v2\/pages\/250\/revisions\/1294"}],"wp:attachment":[{"href":"http:\/\/judoclubpontois.com\/v3\/index.php?rest_route=%2Fwp%2Fv2%2Fmedia&parent=250"}],"curies":[{"name":"wp","href":"https:\/\/api.w.org\/{rel}","templated":true}]}}