{"id":247,"date":"2007-06-09T21:22:38","date_gmt":"2007-06-09T19:22:38","guid":{"rendered":"http:\/\/judoclubpontois.com\/v3\/?page_id=247"},"modified":"2024-09-29T19:22:59","modified_gmt":"2024-09-29T17:22:59","slug":"histoire-du-club-pontois","status":"publish","type":"page","link":"http:\/\/judoclubpontois.com\/v3\/?page_id=247","title":{"rendered":"Histoire du club"},"content":{"rendered":"<p><strong>1948<\/strong> cr\u00e9ation du club de Judo rue du Robinet \u00e0 Pons sous la d\u00e9nomination de \u00ab\u00a0Judo Club de Pons\u00a0\u00bb situ\u00e9 dans une petite salle appel\u00e9e Maison MESNARD P\u00e2tissier \u00e0 Pons ( 30 m2 vestiaire compris).<\/p>\n<p>En 1948, seulement 2 clubs se sont cr\u00e9\u00e9s en Charente-Maritime.<\/p>\n<ul>\n<li><strong>La Rochelle<\/strong> en Juillet 48 : A Debard<\/li>\n<li><strong>Pons<\/strong> en novembre 48 : G Favre<\/li>\n<\/ul>\n<p>Et en Charente :<\/p>\n<ul>\n<li><strong>Angoul\u00e8me<\/strong><\/li>\n<\/ul>\n<p align=\"justify\">Le club a \u00e9t\u00e9 fond\u00e9 par Monsieur <strong>Guy Favre Casimir<\/strong> alors professeur de gymnastique au lyc\u00e9e de Pons et alors ceinture bleue. Il fonctionne ainsi pendant 2 ans jusqu&rsquo;au moment o\u00f9 le Judo Club de Cognac est cr\u00e9\u00e9 en 1951 sous la direction de <strong>Monsieur FARGE<\/strong> ceinture noire 1\u00e8re Dan qui accepte de patronner et assurer la direction technique officielle du club de Pons permettant ainsi une affiliation F\u00e9d\u00e9rale. Il \u00e9tait accompagn\u00e9 alors de <strong>monsieur Alcide GIBEAU<\/strong>,<\/p>\n<p align=\"justify\"><strong>Monsieur FAVRE<\/strong> devient ceinture marron puis ceinture noire en 1954, \u00e0 l&rsquo;issue d&rsquo;un stage national \u00e0 Biarritz<br \/>\nLes d\u00e9buts du club furent p\u00e9nibles et il ne comptait alors qu&rsquo;une dizaine d&rsquo;adeptes. Fonctionnant sur un tatami d&rsquo;\u00e0 peine 25m2 (<strong>Ma\u00eetre Petureau, M. Marchandeau, M. Hervoir Andr\u00e9, , M. Lavor, M. Pinet Henri et Jacky, M. Paul Rousseau, M. Meder, M. Patouiller, M. Gravelle, M. Perrier, M. Paul Baillou, et aussi M. Guy Favre<\/strong>)<br \/>\nEn 1949\/50 d\u00e9m\u00e9nagement vers la salle de la Pomme d&rsquo;Or dite salle des Peupliers, chez Huet place saint Vivien ancienne salle paroissiale.<br \/>\nEn 1961, le Club emm\u00e9nage dans une ancienne remise \u00e9curie lou\u00e9e \u00e0 <strong>Mme Mittard<\/strong>. Les judokas avaient enti\u00e8rement remis en \u00e9tat pour la pratique du Judo :<\/p>\n<ul>\n<li>D\u00e9blaiement des gravats qui l&rsquo;encombraient.<\/li>\n<li>Nivellement du sol.<\/li>\n<li>Plafonnage complet du rez-de-chauss\u00e9e.<\/li>\n<li>R\u00e9ouverture des fen\u00eatres mur\u00e9es.<\/li>\n<li>Am\u00e9nagement des WC<\/li>\n<li>Parquet dans tous le rez-de-chauss\u00e9e (sauf bac \u00e0 sciure)<\/li>\n<li>Am\u00e9nagement de la cage d&rsquo;escalier avec rampe.<\/li>\n<li>Am\u00e9nagement \u00e0 l&rsquo;\u00e9tage des 2 greniers en 3 vestiaires.<\/li>\n<li>Rev\u00eatement des sols de l&rsquo;\u00e9tage.<\/li>\n<li>Am\u00e9nagement d&rsquo;une cabine de douche et de son \u00e9coulement.<\/li>\n<\/ul>\n<p align=\"justify\">Cette salle \u00e9tait devenue l&rsquo;une des plus luxueuse du secteur pour l&rsquo;\u00e9poque.<br \/>\n<strong>En 1951<\/strong> le club est officiellement cr\u00e9\u00e9. Les statuts sont d\u00e9pos\u00e9s \u00e0 la Pr\u00e9fecture par <strong>Ma\u00eetre Albert PETUREAU<\/strong> et il devient le 1er pr\u00e9sident du Judo Club de Pons.<br \/>\nAfin de promouvoir ce nouveau sport peu connu \u00e0 l&rsquo;\u00e9poque, des d\u00e9monstrations sont pr\u00e9sent\u00e9es un peu partout dans le sud du d\u00e9partement (au moins une par mois), jusqu&rsquo;\u00e0 obtenir des effectifs tels que la f\u00e9d\u00e9ration a donn\u00e9 le titre de \u00ab\u00a0Club le plus important au pourcentage des pratiquants par habitant\u00a0\u00bb.<br \/>\nLes licenci\u00e9s atteignirent largement la centaine, en venant de partout pratiquer le judo. Au fil des ans, le club s&rsquo;\u00e9mancipa et c&rsquo;est ainsi que le Club de Pons mit en place les sections :<\/p>\n<ul>\n<li>Judo Club de Jonzac ;<\/li>\n<li>Judo Club de Montendre ;<\/li>\n<li>Judo Club d&rsquo;Archiac ;<\/li>\n<li>et plus tard celui de Touvent et Mirambeau (indirectement par le biais de Jonzac).<\/li>\n<\/ul>\n<p>Ainsi que la section Judo au Lyc\u00e9e de Pons.<\/p>\n<p align=\"justify\">Il a \u00e9t\u00e9 compt\u00e9 dans nos effectifs la plus jeune ceinture \u00ab\u00a0Marron\u00a0\u00bb : 10 Ans Kiki Dubreuille et la plus jeune ceinture noire de France Jacky Pinet (pas encore 18 ans).<\/p>\n<p align=\"justify\">Fin 1954, un licenci\u00e9,<strong> Monsieur Andr\u00e9 BELAIR<\/strong> passe sa ceinture marron. En 1958, il commence l&rsquo;apprentissage de l&rsquo;enseignement \u00e0 Archiac avec <strong>Monsieur COSSON<\/strong>. Deux ans plus tard, il entra\u00eene les judokas de Pons en semaine, mais aussi le dimanche matin avec des cours de Self d\u00e9fense (\u00e0 partir de la ceinture verte). Le 6 janvier 1963, il obtient sa ceinture noire 1\u00e8re dan avec pour arbitre <strong>Monsieur Guy THOMAS<\/strong>.<\/p>\n<p align=\"justify\">En 1960, au moment des J.O. de Rome est fond\u00e9 l&rsquo;Olympic Pontois. Les sections judo, tennis, ski chapeaut\u00e9es par un comit\u00e9 directeur regroupent l&rsquo;ensemble des activit\u00e9s. Il n&rsquo;y avait donc plus de pr\u00e9sident dans chaque discipline, mais un responsable. Chaque section \u00e9tait d\u00e9clar\u00e9e \u00e0 leur f\u00e9d\u00e9ration respective.<\/p>\n<p align=\"justify\">En 1975, un nouveau responsable est nomm\u00e9 : <strong>Monsieur Andr\u00e9 BELAIR<\/strong> second\u00e9 pour la partie technique par <strong>Monsieur Richard MAS<\/strong>, ancien \u00e9l\u00e8ve du club de Pons et responsable du Club de TOUVENT. Il est \u00e0 souligner que <strong>Monsieur BELAIR<\/strong>, aid\u00e9 et soutenu par son \u00e9pouse, repr\u00e9sentait \u00e0 lui tout seul les trois fonctions du bureau (Pr\u00e9sident, Secr\u00e9taire, Tr\u00e9sorier).<\/p>\n<p>Le temps passant, le local rue St Vivien chez Mittard est devenu non conforme \u00e0 la l\u00e9gislation, mais rend bien service.<\/p>\n<p align=\"justify\">Certains parents contestent les normes de s\u00e9curit\u00e9, d&rsquo;autres la discipline (cours tr\u00e8s nombreux. 25 \u00e035 enfants au cours des petits). Selon les ma\u00eetres japonais venus visiter le Club de Pons, la discipline et le d\u00e9roulement des cours sont tout \u00e0 fait corrects.<\/p>\n<p align=\"justify\">Le b\u00e2timent fut mis en vente et achet\u00e9 par M. BOISNARD qui voulut r\u00e9cup\u00e9rer les lieux sans locataire.<\/p>\n<p>Apr\u00e8s une longue bataille, le Club de Judo suspendit ses activit\u00e9s en 1977 pour un an.<\/p>\n<p>Un local en pr\u00e9fabriqu\u00e9 fut retenu aupr\u00e8s de la mairie de St Genis de Saintonge.<\/p>\n<p>D\u00e9mont\u00e9 \u00e0 P\u00e2ques, l&rsquo;installation de ce local avec un chauffage \u00e9lectrique pr\u00e9caire fut achev\u00e9e en janvier au stade de Pons.<\/p>\n<p>Dans cette nouvelle salle municipale, le club reprit ses activit\u00e9s en septembre 1978.<\/p>\n<p>A partir de 1975 jusqu&rsquo;en 1979, le Club ne participait plus aux comp\u00e9titions. Il avait \u00e9t\u00e9 mis en sommeil d\u00fb aux pr\u00e9occupations de fonctionnement du Club qui ne reposait que sur une seule personne.<\/p>\n<p align=\"justify\">En 1979, <strong>Monsieur Andr\u00e9 MICHAUD<\/strong> arrivant du Club de Touvent, vient aider <strong>Mr BELAIR<\/strong> pour la partie enseignement du judo. Madame Michaud prend alors le secr\u00e9tariat. Le Club est alors redynamis\u00e9 par cette nouvelle \u00e9quipe.<\/p>\n<p>En 1990, un nouveau Dojo municipal ouvre ses portes rue Thiers.<\/p>\n<p>Courant 1995 : <strong>M. MICHAUD<\/strong> arr\u00eate son activit\u00e9 de judoka et de professeur.<br \/>\n<strong>Monsieur Richard MAS<\/strong> quitte \u00e9galement l&rsquo;Olympic Pontois pour se consacrer \u00e0 un seul Club.<\/p>\n<p>M. BELAIR passe la pr\u00e9sidence de l&rsquo;association sportive \u00e0 Francisco DE DIOS Y MIGUEL.<\/p>\n<p><strong>L&rsquo;Olympic Pontois<\/strong> est dissout, le <strong>JUDO CLUB DE PONS<\/strong> rena\u00eet.<\/p>\n<p>Son appellation se modifie en <strong>JUDO CLUB PONTOIS<\/strong> en 1997.<\/p>\n<p>Octobre 2000 : Le bureau est compl\u00e8tement renouvel\u00e9. <strong>Dominique BILLOIS<\/strong> devient le Pr\u00e9sident du Club.<\/p>\n","protected":false},"excerpt":{"rendered":"<div class=\"mh-excerpt\"><p>1948 cr\u00e9ation du club de Judo rue du Robinet \u00e0 Pons sous la d\u00e9nomination de \u00ab\u00a0Judo Club de Pons\u00a0\u00bb situ\u00e9 dans une petite salle appel\u00e9e <a class=\"mh-excerpt-more\" href=\"http:\/\/judoclubpontois.com\/v3\/?page_id=247\" title=\"Histoire du club\">[&#8230;]<\/a><\/p>\n<\/div>","protected":false},"author":8,"featured_media":0,"parent":0,"menu_order":0,"comment_status":"closed","ping_status":"closed","template":"","meta":{"jetpack_post_was_ever_published":false},"jetpack_shortlink":"https:\/\/wp.me\/P684h4-3Z","jetpack_sharing_enabled":true,"_links":{"self":[{"href":"http:\/\/judoclubpontois.com\/v3\/index.php?rest_route=\/wp\/v2\/pages\/247"}],"collection":[{"href":"http:\/\/judoclubpontois.com\/v3\/index.php?rest_route=\/wp\/v2\/pages"}],"about":[{"href":"http:\/\/judoclubpontois.com\/v3\/index.php?rest_route=\/wp\/v2\/types\/page"}],"author":[{"embeddable":true,"href":"http:\/\/judoclubpontois.com\/v3\/index.php?rest_route=\/wp\/v2\/users\/8"}],"replies":[{"embeddable":true,"href":"http:\/\/judoclubpontois.com\/v3\/index.php?rest_route=%2Fwp%2Fv2%2Fcomments&post=247"}],"version-history":[{"count":1,"href":"http:\/\/judoclubpontois.com\/v3\/index.php?rest_route=\/wp\/v2\/pages\/247\/revisions"}],"predecessor-version":[{"id":1153,"href":"http:\/\/judoclubpontois.com\/v3\/index.php?rest_route=\/wp\/v2\/pages\/247\/revisions\/1153"}],"wp:attachment":[{"href":"http:\/\/judoclubpontois.com\/v3\/index.php?rest_route=%2Fwp%2Fv2%2Fmedia&parent=247"}],"curies":[{"name":"wp","href":"https:\/\/api.w.org\/{rel}","templated":true}]}}